{"id":303,"date":"2025-07-24T16:37:06","date_gmt":"2025-07-24T19:37:06","guid":{"rendered":"https:\/\/consec.org.br\/?page_id=303"},"modified":"2025-07-24T16:37:06","modified_gmt":"2025-07-24T19:37:06","slug":"memorial-de-gestao","status":"publish","type":"page","link":"https:\/\/consec.org.br\/index.php\/consec\/memorial-de-gestao\/","title":{"rendered":"Memorial de Gest\u00e3o"},"content":{"rendered":"\t\t<div data-elementor-type=\"wp-page\" data-elementor-id=\"303\" class=\"elementor elementor-303\">\n\t\t\t\t<div class=\"elementor-element elementor-element-33ae6ab e-flex e-con-boxed e-con e-parent\" data-id=\"33ae6ab\" data-element_type=\"container\">\n\t\t\t\t\t<div class=\"e-con-inner\">\n\t\t\t\t<div class=\"elementor-element elementor-element-0211f55 elementor-widget elementor-widget-spacer\" data-id=\"0211f55\" data-element_type=\"widget\" data-widget_type=\"spacer.default\">\n\t\t\t\t<div class=\"elementor-widget-container\">\n\t\t\t\t\t\t\t<div class=\"elementor-spacer\">\n\t\t\t<div class=\"elementor-spacer-inner\"><\/div>\n\t\t<\/div>\n\t\t\t\t\t\t<\/div>\n\t\t\t\t<\/div>\n\t\t\t\t\t<\/div>\n\t\t\t\t<\/div>\n\t\t<div class=\"elementor-element elementor-element-0bcdc89 e-flex e-con-boxed e-con e-parent\" data-id=\"0bcdc89\" data-element_type=\"container\">\n\t\t\t\t\t<div class=\"e-con-inner\">\n\t\t\t\t<div class=\"elementor-element elementor-element-d64e67b elementor-widget elementor-widget-heading\" data-id=\"d64e67b\" data-element_type=\"widget\" data-widget_type=\"heading.default\">\n\t\t\t\t<div class=\"elementor-widget-container\">\n\t\t\t\t\t<h4 class=\"elementor-heading-title elementor-size-default\">CONHE\u00c7A AS NOSSAS CAPITAIS<\/h4>\t\t\t\t<\/div>\n\t\t\t\t<\/div>\n\t\t\t\t\t<\/div>\n\t\t\t\t<\/div>\n\t\t<div class=\"elementor-element elementor-element-fc9b5b6 e-flex e-con-boxed e-con e-parent\" data-id=\"fc9b5b6\" data-element_type=\"container\">\n\t\t\t\t\t<div class=\"e-con-inner\">\n\t\t\t\t<div class=\"elementor-element elementor-element-5736754 elementor-widget elementor-widget-text-editor\" data-id=\"5736754\" data-element_type=\"widget\" data-widget_type=\"text-editor.default\">\n\t\t\t\t<div class=\"elementor-widget-container\">\n\t\t\t\t\t\t\t\t\t<h5><span class=\"OYPEnA font-feature-liga-off font-feature-clig-off font-feature-calt-off text-decoration-none text-strikethrough-none\">Em 2024, em parceria com o Todos Pela Educa\u00e7\u00e3o, realizamos uma s\u00e9rie de pesquisas e entrevistas com as 26 secretarias de Educa\u00e7\u00e3o das capitais brasileiras. A partir desse trabalho, nasceu o Memorial de Gest\u00e3o, que re\u00fane <\/span><span class=\"OYPEnA font-feature-liga-off font-feature-clig-off font-feature-calt-off text-decoration-none text-strikethrough-none\">as principais pol\u00edticas educacionais em vigor nas cidades.<\/span><\/h5>\t\t\t\t\t\t\t\t<\/div>\n\t\t\t\t<\/div>\n\t\t\t\t\t<\/div>\n\t\t\t\t<\/div>\n\t\t<div class=\"elementor-element elementor-element-60ac3c7 e-flex e-con-boxed e-con e-parent\" data-id=\"60ac3c7\" data-element_type=\"container\">\n\t\t\t\t\t<div class=\"e-con-inner\">\n\t\t<div class=\"elementor-element elementor-element-89e37a6 e-con-full e-flex e-con e-child\" data-id=\"89e37a6\" data-element_type=\"container\">\n\t\t\t\t<div class=\"elementor-element elementor-element-785669d elementor-widget elementor-widget-image\" data-id=\"785669d\" data-element_type=\"widget\" data-widget_type=\"image.default\">\n\t\t\t\t<div class=\"elementor-widget-container\">\n\t\t\t\t\t\t\t\t\t\t\t\t\t\t\t<img fetchpriority=\"high\" decoding=\"async\" width=\"994\" height=\"558\" src=\"https:\/\/consec.org.br\/wp-content\/uploads\/2025\/07\/Captura-de-tela-2025-07-21-190252.png\" class=\"attachment-large size-large wp-image-306\" alt=\"\" srcset=\"https:\/\/consec.org.br\/wp-content\/uploads\/2025\/07\/Captura-de-tela-2025-07-21-190252.png 994w, https:\/\/consec.org.br\/wp-content\/uploads\/2025\/07\/Captura-de-tela-2025-07-21-190252-300x168.png 300w, https:\/\/consec.org.br\/wp-content\/uploads\/2025\/07\/Captura-de-tela-2025-07-21-190252-768x431.png 768w\" sizes=\"(max-width: 994px) 100vw, 994px\" \/>\t\t\t\t\t\t\t\t\t\t\t\t\t\t\t<\/div>\n\t\t\t\t<\/div>\n\t\t\t\t<\/div>\n\t\t<div class=\"elementor-element elementor-element-250ed39 e-con-full e-flex e-con e-child\" data-id=\"250ed39\" data-element_type=\"container\">\n\t\t\t\t<div class=\"elementor-element elementor-element-db3ecc0 elementor-widget elementor-widget-text-editor\" data-id=\"db3ecc0\" data-element_type=\"widget\" data-widget_type=\"text-editor.default\">\n\t\t\t\t<div class=\"elementor-widget-container\">\n\t\t\t\t\t\t\t\t\t<h6 style=\"text-align: left;\"><span style=\"color: #0b5384;\">O Memorial de Gest\u00e3o \u00e9 um subs\u00eddio essencial para compreender o cen\u00e1rio educacional no in\u00edcio das administra\u00e7\u00f5es. <\/span><\/h6><h6>\u00a0<\/h6><h6 style=\"text-align: left;\"><span style=\"color: #0b5384;\">Est\u00e1 estruturado em quatro grandes eixos:<\/span><\/h6><h6 style=\"text-align: left;\"><span style=\"color: #0b5384;\">1 &#8211; Gest\u00e3o da Rede de Ensino<\/span><\/h6><h6 style=\"text-align: left;\"><span style=\"color: #0b5384;\">2 &#8211; Profissionais da Educa\u00e7\u00e3o<\/span><\/h6><h6 style=\"text-align: left;\"><span style=\"color: #0b5384;\">3 &#8211; Pol\u00edticas Pedag\u00f3gicas<\/span><\/h6><h6 style=\"text-align: left;\"><span style=\"color: #0b5384;\">4 &#8211; Pol\u00edticas Multi-etapas<\/span><\/h6>\t\t\t\t\t\t\t\t<\/div>\n\t\t\t\t<\/div>\n\t\t\t\t<\/div>\n\t\t\t\t\t<\/div>\n\t\t\t\t<\/div>\n\t\t<div class=\"elementor-element elementor-element-91e5066 e-flex e-con-boxed e-con e-parent\" data-id=\"91e5066\" data-element_type=\"container\">\n\t\t\t\t\t<div class=\"e-con-inner\">\n\t\t\t\t<div class=\"elementor-element elementor-element-0bfada1 elementor-align-left elementor-widget elementor-widget-button\" data-id=\"0bfada1\" data-element_type=\"widget\" data-widget_type=\"button.default\">\n\t\t\t\t<div class=\"elementor-widget-container\">\n\t\t\t\t\t\t\t\t\t<div class=\"elementor-button-wrapper\">\n\t\t\t\t\t<a class=\"elementor-button elementor-button-link elementor-size-sm\" href=\"https:\/\/drive.google.com\/drive\/folders\/1IVVfM-7QQ_xKVSKKu8xHlc_viZTTqtRt?usp=drive_link\">\n\t\t\t\t\t\t<span class=\"elementor-button-content-wrapper\">\n\t\t\t\t\t\t\t\t\t<span class=\"elementor-button-text\">Clique aqui<\/span>\n\t\t\t\t\t<\/span>\n\t\t\t\t\t<\/a>\n\t\t\t\t<\/div>\n\t\t\t\t\t\t\t\t<\/div>\n\t\t\t\t<\/div>\n\t\t\t\t\t<\/div>\n\t\t\t\t<\/div>\n\t\t<div class=\"elementor-element elementor-element-3dc86a4 e-flex e-con-boxed e-con e-parent\" data-id=\"3dc86a4\" data-element_type=\"container\">\n\t\t\t\t\t<div class=\"e-con-inner\">\n\t\t\t\t<div class=\"elementor-element elementor-element-bc9ca2c elementor-widget elementor-widget-spacer\" data-id=\"bc9ca2c\" data-element_type=\"widget\" data-widget_type=\"spacer.default\">\n\t\t\t\t<div class=\"elementor-widget-container\">\n\t\t\t\t\t\t\t<div class=\"elementor-spacer\">\n\t\t\t<div class=\"elementor-spacer-inner\"><\/div>\n\t\t<\/div>\n\t\t\t\t\t\t<\/div>\n\t\t\t\t<\/div>\n\t\t\t\t\t<\/div>\n\t\t\t\t<\/div>\n\t\t<div class=\"elementor-element elementor-element-d43adf6 e-flex e-con-boxed e-con e-parent\" data-id=\"d43adf6\" data-element_type=\"container\" data-settings=\"{&quot;background_background&quot;:&quot;gradient&quot;}\">\n\t\t\t\t\t<div class=\"e-con-inner\">\n\t\t\t\t<div class=\"elementor-element elementor-element-dd95bfa elementor-widget elementor-widget-image\" data-id=\"dd95bfa\" data-element_type=\"widget\" data-widget_type=\"image.default\">\n\t\t\t\t<div class=\"elementor-widget-container\">\n\t\t\t\t\t\t\t\t\t\t\t\t\t\t\t<img decoding=\"async\" width=\"1024\" height=\"96\" src=\"https:\/\/consec.org.br\/wp-content\/uploads\/2025\/07\/Banner-para-site-de-frete-gratis-chamativo-azul-1024x96.png\" class=\"attachment-large size-large wp-image-241\" alt=\"\" srcset=\"https:\/\/consec.org.br\/wp-content\/uploads\/2025\/07\/Banner-para-site-de-frete-gratis-chamativo-azul-1024x96.png 1024w, https:\/\/consec.org.br\/wp-content\/uploads\/2025\/07\/Banner-para-site-de-frete-gratis-chamativo-azul-300x28.png 300w, https:\/\/consec.org.br\/wp-content\/uploads\/2025\/07\/Banner-para-site-de-frete-gratis-chamativo-azul-768x72.png 768w, https:\/\/consec.org.br\/wp-content\/uploads\/2025\/07\/Banner-para-site-de-frete-gratis-chamativo-azul-1536x144.png 1536w, https:\/\/consec.org.br\/wp-content\/uploads\/2025\/07\/Banner-para-site-de-frete-gratis-chamativo-azul.png 1920w\" sizes=\"(max-width: 1024px) 100vw, 1024px\" \/>\t\t\t\t\t\t\t\t\t\t\t\t\t\t\t<\/div>\n\t\t\t\t<\/div>\n\t\t\t\t\t<\/div>\n\t\t\t\t<\/div>\n\t\t\t\t<\/div>\n\t\t","protected":false},"excerpt":{"rendered":"<p>CONHE\u00c7A AS NOSSAS CAPITAIS Em 2024, em parceria com o Todos Pela Educa\u00e7\u00e3o, realizamos uma s\u00e9rie de pesquisas e entrevistas com as 26 secretarias de Educa\u00e7\u00e3o das capitais brasileiras. A partir desse trabalho, nasceu o Memorial de Gest\u00e3o, que re\u00fane as principais pol\u00edticas educacionais em vigor nas cidades. O Memorial de Gest\u00e3o \u00e9 um subs\u00eddio&#8230;<\/p>\n","protected":false},"author":1,"featured_media":0,"parent":58,"menu_order":0,"comment_status":"closed","ping_status":"closed","template":"","meta":{"_kadence_starter_templates_imported_post":false,"_kad_post_transparent":"","_kad_post_title":"hide","_kad_post_layout":"fullwidth","_kad_post_sidebar_id":"","_kad_post_content_style":"unboxed","_kad_post_vertical_padding":"hide","_kad_post_feature":"hide","_kad_post_feature_position":"","_kad_post_header":false,"_kad_post_footer":false,"footnotes":""},"class_list":["post-303","page","type-page","status-publish","hentry"],"yoast_head":"<!-- This site is optimized with the Yoast SEO plugin v25.4 - https:\/\/yoast.com\/wordpress\/plugins\/seo\/ -->\n<title>Memorial de Gest\u00e3o - CONSEC<\/title>\n<meta name=\"robots\" content=\"index, follow, max-snippet:-1, max-image-preview:large, max-video-preview:-1\" \/>\n<link rel=\"canonical\" href=\"https:\/\/consec.org.br\/index.php\/consec\/memorial-de-gestao\/\" \/>\n<meta property=\"og:locale\" content=\"en_US\" \/>\n<meta property=\"og:type\" content=\"article\" \/>\n<meta property=\"og:title\" content=\"Memorial de Gest\u00e3o - CONSEC\" \/>\n<meta property=\"og:description\" content=\"CONHE\u00c7A AS NOSSAS CAPITAIS Em 2024, em parceria com o Todos Pela Educa\u00e7\u00e3o, realizamos uma s\u00e9rie de pesquisas e entrevistas com as 26 secretarias de Educa\u00e7\u00e3o das capitais brasileiras. A partir desse trabalho, nasceu o Memorial de Gest\u00e3o, que re\u00fane as principais pol\u00edticas educacionais em vigor nas cidades. O Memorial de Gest\u00e3o \u00e9 um subs\u00eddio...\" \/>\n<meta property=\"og:url\" content=\"https:\/\/consec.org.br\/index.php\/consec\/memorial-de-gestao\/\" \/>\n<meta property=\"og:site_name\" content=\"CONSEC\" \/>\n<meta property=\"og:image\" content=\"http:\/\/consec.org.br\/wp-content\/uploads\/2025\/07\/Captura-de-tela-2025-07-21-190252.png\" \/>\n<meta name=\"twitter:card\" content=\"summary_large_image\" \/>\n<meta name=\"twitter:label1\" content=\"Est. reading time\" \/>\n\t<meta name=\"twitter:data1\" content=\"1 minute\" \/>\n<script type=\"application\/ld+json\" class=\"yoast-schema-graph\">{\"@context\":\"https:\/\/schema.org\",\"@graph\":[{\"@type\":\"WebPage\",\"@id\":\"https:\/\/consec.org.br\/index.php\/consec\/memorial-de-gestao\/\",\"url\":\"https:\/\/consec.org.br\/index.php\/consec\/memorial-de-gestao\/\",\"name\":\"Memorial de Gest\u00e3o - CONSEC\",\"isPartOf\":{\"@id\":\"https:\/\/consec.org.br\/#website\"},\"primaryImageOfPage\":{\"@id\":\"https:\/\/consec.org.br\/index.php\/consec\/memorial-de-gestao\/#primaryimage\"},\"image\":{\"@id\":\"https:\/\/consec.org.br\/index.php\/consec\/memorial-de-gestao\/#primaryimage\"},\"thumbnailUrl\":\"http:\/\/consec.org.br\/wp-content\/uploads\/2025\/07\/Captura-de-tela-2025-07-21-190252.png\",\"datePublished\":\"2025-07-24T19:37:06+00:00\",\"breadcrumb\":{\"@id\":\"https:\/\/consec.org.br\/index.php\/consec\/memorial-de-gestao\/#breadcrumb\"},\"inLanguage\":\"en-US\",\"potentialAction\":[{\"@type\":\"ReadAction\",\"target\":[\"https:\/\/consec.org.br\/index.php\/consec\/memorial-de-gestao\/\"]}]},{\"@type\":\"ImageObject\",\"inLanguage\":\"en-US\",\"@id\":\"https:\/\/consec.org.br\/index.php\/consec\/memorial-de-gestao\/#primaryimage\",\"url\":\"https:\/\/consec.org.br\/wp-content\/uploads\/2025\/07\/Captura-de-tela-2025-07-21-190252.png\",\"contentUrl\":\"https:\/\/consec.org.br\/wp-content\/uploads\/2025\/07\/Captura-de-tela-2025-07-21-190252.png\",\"width\":994,\"height\":558},{\"@type\":\"BreadcrumbList\",\"@id\":\"https:\/\/consec.org.br\/index.php\/consec\/memorial-de-gestao\/#breadcrumb\",\"itemListElement\":[{\"@type\":\"ListItem\",\"position\":1,\"name\":\"Home\",\"item\":\"https:\/\/consec.org.br\/\"},{\"@type\":\"ListItem\",\"position\":2,\"name\":\"CONSEC\",\"item\":\"https:\/\/consec.org.br\/\"},{\"@type\":\"ListItem\",\"position\":3,\"name\":\"Memorial de Gest\u00e3o\"}]},{\"@type\":\"WebSite\",\"@id\":\"https:\/\/consec.org.br\/#website\",\"url\":\"https:\/\/consec.org.br\/\",\"name\":\"CONSEC\",\"description\":\"Conselho Nacional de Secret\u00e1rios de Educa\u00e7\u00e3o de Capitais\",\"publisher\":{\"@id\":\"https:\/\/consec.org.br\/#organization\"},\"potentialAction\":[{\"@type\":\"SearchAction\",\"target\":{\"@type\":\"EntryPoint\",\"urlTemplate\":\"https:\/\/consec.org.br\/?s={search_term_string}\"},\"query-input\":{\"@type\":\"PropertyValueSpecification\",\"valueRequired\":true,\"valueName\":\"search_term_string\"}}],\"inLanguage\":\"en-US\"},{\"@type\":\"Organization\",\"@id\":\"https:\/\/consec.org.br\/#organization\",\"name\":\"CONSEC\",\"url\":\"https:\/\/consec.org.br\/\",\"logo\":{\"@type\":\"ImageObject\",\"inLanguage\":\"en-US\",\"@id\":\"https:\/\/consec.org.br\/#\/schema\/logo\/image\/\",\"url\":\"https:\/\/consec.org.br\/wp-content\/uploads\/2025\/07\/cropped-CONSEC-logo-colorido-Photoroom.jpg\",\"contentUrl\":\"https:\/\/consec.org.br\/wp-content\/uploads\/2025\/07\/cropped-CONSEC-logo-colorido-Photoroom.jpg\",\"width\":1225,\"height\":425,\"caption\":\"CONSEC \"},\"image\":{\"@id\":\"https:\/\/consec.org.br\/#\/schema\/logo\/image\/\"}}]}<\/script>\n<!-- \/ Yoast SEO plugin. -->","yoast_head_json":{"title":"Memorial de Gest\u00e3o - CONSEC","robots":{"index":"index","follow":"follow","max-snippet":"max-snippet:-1","max-image-preview":"max-image-preview:large","max-video-preview":"max-video-preview:-1"},"canonical":"https:\/\/consec.org.br\/index.php\/consec\/memorial-de-gestao\/","og_locale":"en_US","og_type":"article","og_title":"Memorial de Gest\u00e3o - CONSEC","og_description":"CONHE\u00c7A AS NOSSAS CAPITAIS Em 2024, em parceria com o Todos Pela Educa\u00e7\u00e3o, realizamos uma s\u00e9rie de pesquisas e entrevistas com as 26 secretarias de Educa\u00e7\u00e3o das capitais brasileiras. A partir desse trabalho, nasceu o Memorial de Gest\u00e3o, que re\u00fane as principais pol\u00edticas educacionais em vigor nas cidades. O Memorial de Gest\u00e3o \u00e9 um subs\u00eddio...","og_url":"https:\/\/consec.org.br\/index.php\/consec\/memorial-de-gestao\/","og_site_name":"CONSEC","og_image":[{"url":"http:\/\/consec.org.br\/wp-content\/uploads\/2025\/07\/Captura-de-tela-2025-07-21-190252.png","type":"","width":"","height":""}],"twitter_card":"summary_large_image","twitter_misc":{"Est. reading time":"1 minute"},"schema":{"@context":"https:\/\/schema.org","@graph":[{"@type":"WebPage","@id":"https:\/\/consec.org.br\/index.php\/consec\/memorial-de-gestao\/","url":"https:\/\/consec.org.br\/index.php\/consec\/memorial-de-gestao\/","name":"Memorial de Gest\u00e3o - CONSEC","isPartOf":{"@id":"https:\/\/consec.org.br\/#website"},"primaryImageOfPage":{"@id":"https:\/\/consec.org.br\/index.php\/consec\/memorial-de-gestao\/#primaryimage"},"image":{"@id":"https:\/\/consec.org.br\/index.php\/consec\/memorial-de-gestao\/#primaryimage"},"thumbnailUrl":"http:\/\/consec.org.br\/wp-content\/uploads\/2025\/07\/Captura-de-tela-2025-07-21-190252.png","datePublished":"2025-07-24T19:37:06+00:00","breadcrumb":{"@id":"https:\/\/consec.org.br\/index.php\/consec\/memorial-de-gestao\/#breadcrumb"},"inLanguage":"en-US","potentialAction":[{"@type":"ReadAction","target":["https:\/\/consec.org.br\/index.php\/consec\/memorial-de-gestao\/"]}]},{"@type":"ImageObject","inLanguage":"en-US","@id":"https:\/\/consec.org.br\/index.php\/consec\/memorial-de-gestao\/#primaryimage","url":"https:\/\/consec.org.br\/wp-content\/uploads\/2025\/07\/Captura-de-tela-2025-07-21-190252.png","contentUrl":"https:\/\/consec.org.br\/wp-content\/uploads\/2025\/07\/Captura-de-tela-2025-07-21-190252.png","width":994,"height":558},{"@type":"BreadcrumbList","@id":"https:\/\/consec.org.br\/index.php\/consec\/memorial-de-gestao\/#breadcrumb","itemListElement":[{"@type":"ListItem","position":1,"name":"Home","item":"https:\/\/consec.org.br\/"},{"@type":"ListItem","position":2,"name":"CONSEC","item":"https:\/\/consec.org.br\/"},{"@type":"ListItem","position":3,"name":"Memorial de Gest\u00e3o"}]},{"@type":"WebSite","@id":"https:\/\/consec.org.br\/#website","url":"https:\/\/consec.org.br\/","name":"CONSEC","description":"Conselho Nacional de Secret\u00e1rios de Educa\u00e7\u00e3o de Capitais","publisher":{"@id":"https:\/\/consec.org.br\/#organization"},"potentialAction":[{"@type":"SearchAction","target":{"@type":"EntryPoint","urlTemplate":"https:\/\/consec.org.br\/?s={search_term_string}"},"query-input":{"@type":"PropertyValueSpecification","valueRequired":true,"valueName":"search_term_string"}}],"inLanguage":"en-US"},{"@type":"Organization","@id":"https:\/\/consec.org.br\/#organization","name":"CONSEC","url":"https:\/\/consec.org.br\/","logo":{"@type":"ImageObject","inLanguage":"en-US","@id":"https:\/\/consec.org.br\/#\/schema\/logo\/image\/","url":"https:\/\/consec.org.br\/wp-content\/uploads\/2025\/07\/cropped-CONSEC-logo-colorido-Photoroom.jpg","contentUrl":"https:\/\/consec.org.br\/wp-content\/uploads\/2025\/07\/cropped-CONSEC-logo-colorido-Photoroom.jpg","width":1225,"height":425,"caption":"CONSEC "},"image":{"@id":"https:\/\/consec.org.br\/#\/schema\/logo\/image\/"}}]}},"_links":{"self":[{"href":"https:\/\/consec.org.br\/index.php\/wp-json\/wp\/v2\/pages\/303","targetHints":{"allow":["GET"]}}],"collection":[{"href":"https:\/\/consec.org.br\/index.php\/wp-json\/wp\/v2\/pages"}],"about":[{"href":"https:\/\/consec.org.br\/index.php\/wp-json\/wp\/v2\/types\/page"}],"author":[{"embeddable":true,"href":"https:\/\/consec.org.br\/index.php\/wp-json\/wp\/v2\/users\/1"}],"replies":[{"embeddable":true,"href":"https:\/\/consec.org.br\/index.php\/wp-json\/wp\/v2\/comments?post=303"}],"version-history":[{"count":9,"href":"https:\/\/consec.org.br\/index.php\/wp-json\/wp\/v2\/pages\/303\/revisions"}],"predecessor-version":[{"id":321,"href":"https:\/\/consec.org.br\/index.php\/wp-json\/wp\/v2\/pages\/303\/revisions\/321"}],"up":[{"embeddable":true,"href":"https:\/\/consec.org.br\/index.php\/wp-json\/wp\/v2\/pages\/58"}],"wp:attachment":[{"href":"https:\/\/consec.org.br\/index.php\/wp-json\/wp\/v2\/media?parent=303"}],"curies":[{"name":"wp","href":"https:\/\/api.w.org\/{rel}","templated":true}]}}